{"id":1177,"date":"2021-02-04T12:13:15","date_gmt":"2021-02-04T12:13:15","guid":{"rendered":"https:\/\/www.2021.yana.ro\/?page_id=1177"},"modified":"2023-07-26T08:59:57","modified_gmt":"2023-07-26T08:59:57","slug":"centrul-multifunctional","status":"publish","type":"page","link":"https:\/\/www.yana.li\/de\/centrul-multifunctional\/","title":{"rendered":"CENTRUL MULTIFUNC\u021aIONAL CASA FRANCESCO"},"content":{"rendered":"<p><div class=\"fusion-fullwidth fullwidth-box fusion-builder-row-1 fusion-flex-container hundred-percent-fullwidth non-hundred-percent-height-scrolling\" style=\"background-color: rgba(255,255,255,0);background-position: left top;background-repeat: no-repeat;border-width: 0px 0px 0px 0px;border-color:#eae9e9;border-style:solid;\" ><div class=\"fusion-builder-row fusion-row fusion-flex-align-items-stretch\" style=\"width:104% !important;max-width:104% !important;margin-left: calc(-4% \/ 2 );margin-right: calc(-4% \/ 2 );\"><div class=\"fusion-layout-column fusion_builder_column fusion-builder-column-0 fusion_builder_column_1_1 1_1 fusion-flex-column\"><div class=\"fusion-column-wrapper fusion-flex-justify-content-flex-start fusion-content-layout-column\" style=\"background-position:left top;background-repeat:no-repeat;-webkit-background-size:cover;-moz-background-size:cover;-o-background-size:cover;background-size:cover;padding: 0px 0px 0px 0px;\"><style type=\"text\/css\">@media only screen and (max-width:1024px) {.fusion-title.fusion-title-1{margin-top:0px!important; margin-right:0px!important;margin-bottom:31px!important;margin-left:0px!important;}}@media only screen and (max-width:640px) {.fusion-title.fusion-title-1{margin-top:0px!important; margin-right:0px!important;margin-bottom:20px!important; margin-left:0px!important;}}<\/style><div class=\"fusion-title title fusion-title-1 fusion-sep-none fusion-title-text fusion-title-size-three\" style=\"margin-top:0px;margin-right:0px;margin-bottom:31px;margin-left:0px;\"><h3 class=\"title-heading-left\" style=\"margin:0;line-height:1.4;\">Haus Francesco &#8211; Genesungszentrum f\u00fcr Opfer h\u00e4uslicher Gewalt<\/h3><\/div><div class=\"fusion-separator\" style=\"align-self: flex-start;margin-right:auto;margin-top:0px;margin-bottom:40px;width:100%;max-width:200px;\"><div class=\"fusion-separator-border sep-single sep-solid\" style=\"border-color:#fec96b;border-top-width:3px;\"><\/div><\/div><div class=\"fusion-text fusion-text-1\"><p>Mit finanzieller Unterst\u00fctzung der\u00a0<b>Medicor Foundation Liechtenstein gebaut<\/b>\u00a0und mit Hilfe der liechtensteinischen Organisationen\u00a0<b>&#8222;Friends of L\u0103rgu\u021ba&#8220;<\/b>\u00a0und\u00a0<b>&#8222;Hilfswerk&#8220; ausgestattet,<\/b>steht das Schutzhaus f\u00fcr Opfer h\u00e4uslicher Gewalt kurz davor, seine sch\u00fctzenden T\u00fcren zu \u00f6ffnen.<\/p>\n<p>W\u00e4hrend unserer Arbeit bei der\u00a0<b>YANA Stiftung<\/b>\u00a0sind wir immer wieder mit Notsituationen konfrontiert worden, in denen Frauen k\u00f6rperlich und seelisch misshandelt wurden und vor der Gewalt ihrer Partner fliehen mussten. In manchen F\u00e4llen sind die Frauen die einzigen Opfer, manchmal aber leiden sogar ihre Kinder.<\/p>\n<p>F\u00fcr sie gibt es nur sehr wenige M\u00f6glichkeiten, sich vor den &#8222;Familienst\u00fcrmen&#8220; zu sch\u00fctzen, was sowohl f\u00fcr ihre Sicherheit als auch f\u00fcr die Verbesserung ihres Lebens so notwendig ist.<\/p>\n<p>Aus diesem Grund haben wir uns vorgenommen, bei YANA einen absolut sicheren Ort zu schaffen, wo M\u00fctter mit ihren Kindern oder Alleinstehende Schutz und Sicherheit finden, und sich mit unserer Unterst\u00fctzung auf ein w\u00fcrdevolles Leben ohne Gewalt vorbereiten k\u00f6nnen.<\/p>\n<\/div><div class=\"fusion-separator fusion-full-width-sep\" style=\"align-self: flex-start;margin-right:auto;margin-top:0px;margin-bottom:30px;width:100%;\"><\/div><\/div><style type=\"text\/css\">.fusion-body .fusion-builder-column-0{width:100% !important;margin-top : 60px;margin-bottom : 20px;}.fusion-builder-column-0 > .fusion-column-wrapper {padding-top : 0px !important;padding-right : 0px !important;margin-right : 1.92%;padding-bottom : 0px !important;padding-left : 0px !important;margin-left : 1.92%;}@media only screen and (max-width:1024px) {.fusion-body .fusion-builder-column-0{width:100% !important;}.fusion-builder-column-0 > .fusion-column-wrapper {padding-right : 0px !important;margin-right : 1.92%;padding-left : 0px !important;margin-left : 1.92%;}}@media only screen and (max-width:640px) {.fusion-body .fusion-builder-column-0{width:100% !important;}.fusion-builder-column-0 > .fusion-column-wrapper {padding-right : 0px !important;margin-right : 1.92%;padding-left : 0px !important;margin-left : 1.92%;}}<\/style><\/div><\/div><style type=\"text\/css\">.fusion-body .fusion-flex-container.fusion-builder-row-1{ padding-top : 0px;margin-top : 0px;padding-right : 100px;padding-bottom : 0px;margin-bottom : 0px;padding-left : 100px;}@media only screen and (max-width:640px) {.fusion-body .fusion-flex-container.fusion-builder-row-1{ padding-right : 4%;padding-left : 4%;}}<\/style><\/div><div class=\"fusion-fullwidth fullwidth-box fusion-builder-row-2 fusion-flex-container hundred-percent-fullwidth non-hundred-percent-height-scrolling\" style=\"background-color: rgba(255,255,255,0);background-position: left top;background-repeat: no-repeat;border-width: 0px 0px 0px 0px;border-color:#eae9e9;border-style:solid;\" ><div class=\"fusion-builder-row fusion-row fusion-flex-align-items-stretch\" style=\"width:104% !important;max-width:104% !important;margin-left: calc(-4% \/ 2 );margin-right: calc(-4% \/ 2 );\"><div class=\"fusion-layout-column fusion_builder_column fusion-builder-column-1 fusion_builder_column_1_1 1_1 fusion-flex-column\"><div class=\"fusion-column-wrapper fusion-flex-justify-content-flex-start fusion-content-layout-column\" style=\"background-position:left top;background-repeat:no-repeat;-webkit-background-size:cover;-moz-background-size:cover;-o-background-size:cover;background-size:cover;padding: 0px 0px 0px 0px;\"><style type=\"text\/css\">.fusion-gallery-1 .fusion-gallery-image {border:0px solid #f6f6f6;}<\/style><div class=\"fusion-gallery fusion-gallery-container fusion-grid-4 fusion-columns-total-4 fusion-gallery-layout-grid fusion-gallery-1\" style=\"margin:-5px;\"><div style=\"padding:5px;\" class=\"fusion-grid-column fusion-gallery-column fusion-gallery-column-4 hover-type-none\"><div class=\"fusion-gallery-image\"><a href=\"https:\/\/www.yana.li\/wp-content\/uploads\/2021\/02\/centrul-multifunctional-001-yana.jpg\" rel=\"noreferrer\" data-rel=\"iLightbox[gallery_image_1]\" class=\"fusion-lightbox\" target=\"_self\"><img decoding=\"async\" src=\"https:\/\/www.yana.li\/wp-content\/uploads\/2021\/02\/centrul-multifunctional-001-yana.jpg\" width=\"1000\" height=\"745\" alt=\"centrul multifunctional - yana\" title=\"centrul multifunctional &#8211; yana\" aria-label=\"centrul multifunctional &#8211; yana\" class=\"img-responsive wp-image-1311\" srcset=\"https:\/\/www.yana.li\/wp-content\/uploads\/2021\/02\/centrul-multifunctional-001-yana-200x149.jpg 200w, https:\/\/www.yana.li\/wp-content\/uploads\/2021\/02\/centrul-multifunctional-001-yana-400x298.jpg 400w, https:\/\/www.yana.li\/wp-content\/uploads\/2021\/02\/centrul-multifunctional-001-yana-600x447.jpg 600w, https:\/\/www.yana.li\/wp-content\/uploads\/2021\/02\/centrul-multifunctional-001-yana-800x596.jpg 800w, https:\/\/www.yana.li\/wp-content\/uploads\/2021\/02\/centrul-multifunctional-001-yana.jpg 1000w\" sizes=\"(min-width: 2200px) 100vw, (min-width: 1120px) 289px, (min-width: 960px) 385px, (min-width: 800px) 578px, (min-width: 640px) 800px, \" \/><\/a><\/div><\/div><div style=\"padding:5px;\" class=\"fusion-grid-column fusion-gallery-column fusion-gallery-column-4 hover-type-none\"><div class=\"fusion-gallery-image\"><a href=\"https:\/\/www.yana.li\/wp-content\/uploads\/2021\/02\/centrul-multifunctional-002-yana.jpg\" rel=\"noreferrer\" data-rel=\"iLightbox[gallery_image_1]\" class=\"fusion-lightbox\" target=\"_self\"><img decoding=\"async\" src=\"https:\/\/www.yana.li\/wp-content\/uploads\/2021\/02\/centrul-multifunctional-002-yana.jpg\" width=\"1000\" height=\"745\" alt=\"centrul multifunctional - yana\" title=\"centrul multifunctional &#8211; yana\" aria-label=\"centrul multifunctional &#8211; yana\" class=\"img-responsive wp-image-1312\" srcset=\"https:\/\/www.yana.li\/wp-content\/uploads\/2021\/02\/centrul-multifunctional-002-yana-200x149.jpg 200w, https:\/\/www.yana.li\/wp-content\/uploads\/2021\/02\/centrul-multifunctional-002-yana-400x298.jpg 400w, https:\/\/www.yana.li\/wp-content\/uploads\/2021\/02\/centrul-multifunctional-002-yana-600x447.jpg 600w, https:\/\/www.yana.li\/wp-content\/uploads\/2021\/02\/centrul-multifunctional-002-yana-800x596.jpg 800w, https:\/\/www.yana.li\/wp-content\/uploads\/2021\/02\/centrul-multifunctional-002-yana.jpg 1000w\" sizes=\"(min-width: 2200px) 100vw, (min-width: 1120px) 289px, (min-width: 960px) 385px, (min-width: 800px) 578px, (min-width: 640px) 800px, \" \/><\/a><\/div><\/div><div style=\"padding:5px;\" class=\"fusion-grid-column fusion-gallery-column fusion-gallery-column-4 hover-type-none\"><div class=\"fusion-gallery-image\"><a href=\"https:\/\/www.yana.li\/wp-content\/uploads\/2021\/02\/centrul-multifunctional-003-yana.jpg\" rel=\"noreferrer\" data-rel=\"iLightbox[gallery_image_1]\" class=\"fusion-lightbox\" target=\"_self\"><img decoding=\"async\" src=\"https:\/\/www.yana.li\/wp-content\/uploads\/2021\/02\/centrul-multifunctional-003-yana.jpg\" width=\"1000\" height=\"745\" alt=\"centrul multifunctional - yana\" title=\"centrul multifunctional &#8211; yana\" aria-label=\"centrul multifunctional &#8211; yana\" class=\"img-responsive wp-image-1313\" srcset=\"https:\/\/www.yana.li\/wp-content\/uploads\/2021\/02\/centrul-multifunctional-003-yana-200x149.jpg 200w, https:\/\/www.yana.li\/wp-content\/uploads\/2021\/02\/centrul-multifunctional-003-yana-400x298.jpg 400w, https:\/\/www.yana.li\/wp-content\/uploads\/2021\/02\/centrul-multifunctional-003-yana-600x447.jpg 600w, https:\/\/www.yana.li\/wp-content\/uploads\/2021\/02\/centrul-multifunctional-003-yana-800x596.jpg 800w, https:\/\/www.yana.li\/wp-content\/uploads\/2021\/02\/centrul-multifunctional-003-yana.jpg 1000w\" sizes=\"(min-width: 2200px) 100vw, (min-width: 1120px) 289px, (min-width: 960px) 385px, (min-width: 800px) 578px, (min-width: 640px) 800px, \" \/><\/a><\/div><\/div><div style=\"padding:5px;\" class=\"fusion-grid-column fusion-gallery-column fusion-gallery-column-4 hover-type-none\"><div class=\"fusion-gallery-image\"><a href=\"https:\/\/www.yana.li\/wp-content\/uploads\/2021\/02\/centrul-multifunctional-004-yana.jpg\" rel=\"noreferrer\" data-rel=\"iLightbox[gallery_image_1]\" class=\"fusion-lightbox\" target=\"_self\"><img decoding=\"async\" src=\"https:\/\/www.yana.li\/wp-content\/uploads\/2021\/02\/centrul-multifunctional-004-yana.jpg\" width=\"1000\" height=\"745\" alt=\"centrul multifunctional - yana\" title=\"centrul multifunctional &#8211; yana\" aria-label=\"centrul multifunctional &#8211; yana\" class=\"img-responsive wp-image-1314\" srcset=\"https:\/\/www.yana.li\/wp-content\/uploads\/2021\/02\/centrul-multifunctional-004-yana-200x149.jpg 200w, https:\/\/www.yana.li\/wp-content\/uploads\/2021\/02\/centrul-multifunctional-004-yana-400x298.jpg 400w, https:\/\/www.yana.li\/wp-content\/uploads\/2021\/02\/centrul-multifunctional-004-yana-600x447.jpg 600w, https:\/\/www.yana.li\/wp-content\/uploads\/2021\/02\/centrul-multifunctional-004-yana-800x596.jpg 800w, https:\/\/www.yana.li\/wp-content\/uploads\/2021\/02\/centrul-multifunctional-004-yana.jpg 1000w\" sizes=\"(min-width: 2200px) 100vw, (min-width: 1120px) 289px, (min-width: 960px) 385px, (min-width: 800px) 578px, (min-width: 640px) 800px, \" \/><\/a><\/div><\/div><div class=\"clearfix\"><\/div><\/div><\/div><style type=\"text\/css\">.fusion-body .fusion-builder-column-1{width:100% !important;margin-top : 0px;margin-bottom : 20px;}.fusion-builder-column-1 > .fusion-column-wrapper {padding-top : 0px !important;padding-right : 0px !important;margin-right : 1.92%;padding-bottom : 0px !important;padding-left : 0px !important;margin-left : 1.92%;}@media only screen and (max-width:1024px) {.fusion-body .fusion-builder-column-1{width:100% !important;}.fusion-builder-column-1 > .fusion-column-wrapper {padding-right : 0px !important;margin-right : 1.92%;padding-left : 0px !important;margin-left : 1.92%;}}@media only screen and (max-width:640px) {.fusion-body .fusion-builder-column-1{width:100% !important;}.fusion-builder-column-1 > .fusion-column-wrapper {padding-right : 0px !important;margin-right : 1.92%;padding-left : 0px !important;margin-left : 1.92%;}}<\/style><\/div><\/div><style type=\"text\/css\">.fusion-body .fusion-flex-container.fusion-builder-row-2{ padding-top : 0px;margin-top : 0px;padding-right : 100px;padding-bottom : 0px;margin-bottom : 0px;padding-left : 100px;}@media only screen and (max-width:640px) {.fusion-body .fusion-flex-container.fusion-builder-row-2{ padding-right : 4%;padding-left : 4%;}}<\/style><\/div><\/p>\n","protected":false},"excerpt":{"rendered":"","protected":false},"author":6,"featured_media":0,"parent":0,"menu_order":0,"comment_status":"closed","ping_status":"closed","template":"100-width.php","meta":{"_monsterinsights_skip_tracking":false,"_monsterinsights_sitenote_active":false,"_monsterinsights_sitenote_note":"","_monsterinsights_sitenote_category":0,"footnotes":""},"class_list":["post-1177","page","type-page","status-publish","hentry"],"aioseo_notices":[],"_links":{"self":[{"href":"https:\/\/www.yana.li\/de\/wp-json\/wp\/v2\/pages\/1177","targetHints":{"allow":["GET"]}}],"collection":[{"href":"https:\/\/www.yana.li\/de\/wp-json\/wp\/v2\/pages"}],"about":[{"href":"https:\/\/www.yana.li\/de\/wp-json\/wp\/v2\/types\/page"}],"author":[{"embeddable":true,"href":"https:\/\/www.yana.li\/de\/wp-json\/wp\/v2\/users\/6"}],"replies":[{"embeddable":true,"href":"https:\/\/www.yana.li\/de\/wp-json\/wp\/v2\/comments?post=1177"}],"version-history":[{"count":8,"href":"https:\/\/www.yana.li\/de\/wp-json\/wp\/v2\/pages\/1177\/revisions"}],"predecessor-version":[{"id":2187,"href":"https:\/\/www.yana.li\/de\/wp-json\/wp\/v2\/pages\/1177\/revisions\/2187"}],"wp:attachment":[{"href":"https:\/\/www.yana.li\/de\/wp-json\/wp\/v2\/media?parent=1177"}],"curies":[{"name":"wp","href":"https:\/\/api.w.org\/{rel}","templated":true}]}}