{"id":1806,"date":"2022-05-11T17:16:37","date_gmt":"2022-05-11T17:16:37","guid":{"rendered":"https:\/\/www.yana.ro\/?page_id=1806"},"modified":"2022-05-11T17:56:22","modified_gmt":"2022-05-11T17:56:22","slug":"termeni-si-conditii","status":"publish","type":"page","link":"https:\/\/www.yana.li\/de\/termeni-si-conditii\/","title":{"rendered":"Termeni \u0219i condi\u021bii"},"content":{"rendered":"<div class=\"fusion-fullwidth fullwidth-box fusion-builder-row-1 fusion-flex-container nonhundred-percent-fullwidth non-hundred-percent-height-scrolling\" style=\"background-color: rgba(255,255,255,0);background-position: center center;background-repeat: no-repeat;border-width: 0px 0px 0px 0px;border-color:#eae9e9;border-style:solid;\" ><div class=\"fusion-builder-row fusion-row fusion-flex-align-items-flex-start\" style=\"max-width:1216.8px;margin-left: calc(-4% \/ 2 );margin-right: calc(-4% \/ 2 );\"><div class=\"fusion-layout-column fusion_builder_column fusion-builder-column-0 fusion_builder_column_1_1 1_1 fusion-flex-column\"><div class=\"fusion-column-wrapper fusion-flex-justify-content-flex-start fusion-content-layout-column\" style=\"background-position:left top;background-repeat:no-repeat;-webkit-background-size:cover;-moz-background-size:cover;-o-background-size:cover;background-size:cover;padding: 0px 0px 0px 0px;\"><div class=\"fusion-text fusion-text-1\" style=\"margin-top:210px;\"><h1>Termeni \u0219i condi\u021bii<\/h1>\n<p>Funda\u021bia YANA- YOU ARE NOT- ALONE CHARITABLE FOUNDATION este o organiza\u021bie non-profit cu sediul \u00een Str. Trandafirilor nr. 5, Sat Nicolae B\u0103lcescu, com. Nicolae B\u0103lcescu, jud. Bac\u0103u, \u00eenregistrat\u0103 la Registrul Na\u021bional ONG sub nr. 2\/E\/2009, avand C.I.F. 25430895.<\/p>\n<p>Website-ul www.yaha.li apar\u021bine Funda\u021biei YANA- YOU ARE NOT- ALONE CHARITABLE FOUNDATION, iar toate informa\u021biile (text, video, audio) prezente pe acest website sunt proprietatea Funda\u021biei YANA- YOU ARE NOT- ALONE CHARITABLE FOUNDATION. Funda\u021bia YANA- YOU ARE NOT- ALONE CHARITABLE FOUNDATION poate decide s\u0103 modifice con\u021binutul acestui website \u0219i con\u021binutul acestor termeni \u0219i condi\u021bii, \u00een orice moment.<\/p>\n<p>Accesarea acestui website implic\u0103 acceptarea acestor termeni \u0219i condi\u021bii.<\/p>\n<p>Funda\u021bia YANA- YOU ARE NOT- ALONE CHARITABLE FOUNDATION nu \u00ee\u0219i asum\u0103 responsabilitatea pentru consecin\u021bele rezultate din utilizarea necorespunz\u0103toare a acestui website \u0219i a informa\u021biilor cuprinse \u00een acesta.<\/p>\n<p>Funda\u021bia YANA- YOU ARE NOT- ALONE CHARITABLE FOUNDATION nu \u00ee\u0219i asum\u0103 responsabilitatea pentru orice contaminare cu viru\u0219i ce decurge din utilizarea acestui website. Litigiile rezultate din utilizarea aceste Platforme vor fi rezolvate pe cale<br \/>\namiabil\u0103.<\/p>\n<p>Pe website-ul Funda\u021biei YANA- YOU ARE NOT- ALONE CHARITABLE FOUNDATION pot exista men\u021biuni privitoare la website-uri externe, administrate de alte organiza\u021bii. Funda\u021bia YANA- YOU ARE NOT- ALONE CHARITABLE FOUNDATION nu are nicio responsabilitate privitor la con\u021binutul acelor website-uri, con\u021binutul acestora fiind exclusiv responsabilitatea organiza\u021biilor respective.<\/p>\n<p><strong>Dona\u021bii<\/strong><\/p>\n<p>Funda\u021bia YANA- YOU ARE NOT- ALONE CHARITABLE FOUNDATION accept\u0103 dona\u021bii online cu cardul, prin intermediul site-ului www.yaha.li. Procesarea pl\u0103\u021bii se face de c\u0103tre NETOPIA PAYMENTS &#8211; www.netopia.ro.<\/p>\n<p>Funda\u021bia YANA- YOU ARE NOT- ALONE CHARITABLE FOUNDATION nu salveaz\u0103 informa\u021bii despre cardul bancar \u0219i nu ofer\u0103 informa\u021bii despre cardul bancar altor entit\u0103\u021bi.<\/p>\n<p>Dona\u021biile efectuate pe site-ul www.yaha.li <strong>nu vor fi returnate<\/strong>.<\/p>\n<\/div><\/div><style type=\"text\/css\">.fusion-body .fusion-builder-column-0{width:100% !important;margin-top : 0px;margin-bottom : 20px;}.fusion-builder-column-0 > .fusion-column-wrapper {padding-top : 0px !important;padding-right : 0px !important;margin-right : 1.92%;padding-bottom : 0px !important;padding-left : 0px !important;margin-left : 1.92%;}@media only screen and (max-width:1024px) {.fusion-body .fusion-builder-column-0{width:100% !important;order : 0;}.fusion-builder-column-0 > .fusion-column-wrapper {margin-right : 1.92%;margin-left : 1.92%;}}@media only screen and (max-width:640px) {.fusion-body .fusion-builder-column-0{width:100% !important;order : 0;}.fusion-builder-column-0 > .fusion-column-wrapper {margin-right : 1.92%;margin-left : 1.92%;}}<\/style><\/div><\/div><style type=\"text\/css\">.fusion-body .fusion-flex-container.fusion-builder-row-1{ padding-top : 0px;margin-top : 0px;padding-right : 0px;padding-bottom : 0px;margin-bottom : 0px;padding-left : 0px;}<\/style><\/div>","protected":false},"excerpt":{"rendered":"","protected":false},"author":5,"featured_media":0,"parent":0,"menu_order":0,"comment_status":"closed","ping_status":"closed","template":"","meta":{"_monsterinsights_skip_tracking":false,"_monsterinsights_sitenote_active":false,"_monsterinsights_sitenote_note":"","_monsterinsights_sitenote_category":0,"footnotes":""},"class_list":["post-1806","page","type-page","status-publish","hentry"],"aioseo_notices":[],"_links":{"self":[{"href":"https:\/\/www.yana.li\/de\/wp-json\/wp\/v2\/pages\/1806","targetHints":{"allow":["GET"]}}],"collection":[{"href":"https:\/\/www.yana.li\/de\/wp-json\/wp\/v2\/pages"}],"about":[{"href":"https:\/\/www.yana.li\/de\/wp-json\/wp\/v2\/types\/page"}],"author":[{"embeddable":true,"href":"https:\/\/www.yana.li\/de\/wp-json\/wp\/v2\/users\/5"}],"replies":[{"embeddable":true,"href":"https:\/\/www.yana.li\/de\/wp-json\/wp\/v2\/comments?post=1806"}],"version-history":[{"count":6,"href":"https:\/\/www.yana.li\/de\/wp-json\/wp\/v2\/pages\/1806\/revisions"}],"predecessor-version":[{"id":1820,"href":"https:\/\/www.yana.li\/de\/wp-json\/wp\/v2\/pages\/1806\/revisions\/1820"}],"wp:attachment":[{"href":"https:\/\/www.yana.li\/de\/wp-json\/wp\/v2\/media?parent=1806"}],"curies":[{"name":"wp","href":"https:\/\/api.w.org\/{rel}","templated":true}]}}